{"id":2678,"date":"2023-11-10T17:37:50","date_gmt":"2023-11-10T20:37:50","guid":{"rendered":"https:\/\/leportini.com.br\/blog\/\/?page_id=2678"},"modified":"2023-11-10T17:37:51","modified_gmt":"2023-11-10T20:37:51","slug":"sobre-a-leportini","status":"publish","type":"page","link":"https:\/\/leportini.com.br\/blog\/sobre-a-leportini\/","title":{"rendered":"Sobre a Leportini"},"content":{"rendered":"\n<p><strong>Leportini cosm\u00e9ticos: o cuidado que inspira beleza.<\/strong><\/p>\n\n\n\n<p>Na ess\u00eancia de nossa marca, floresce a dedica\u00e7\u00e3o ao cuidado. Nossos produtos s\u00e3o cuidadosamente elaborados a partir de f\u00f3rmulas que priorizam a utiliza\u00e7\u00e3o de ingredientes naturais e sustent\u00e1veis, como \u00f3leos essenciais, extratos de plantas e vitaminas, que n\u00e3o apenas nutrem seus cabelos, mas tamb\u00e9m nutrem nossa preocupa\u00e7\u00e3o com o meio ambiente.<\/p>\n\n\n\n<p>Cada elemento \u00e9 escolhido com a mais alta considera\u00e7\u00e3o, visando aprimorar a sa\u00fade capilar e o bem-estar dos artistas profissionais que d\u00e3o vida a essas cria\u00e7\u00f5es. Priorizamos o uso de embalagens biodegrad\u00e1veis e materiais recicl\u00e1veis, minimizando o impacto ambiental em cada etapa do processo. Com um compromisso com a preserva\u00e7\u00e3o de nosso planeta, acreditamos que a verdadeira beleza n\u00e3o pode ser alcan\u00e7ada \u00e0s custas da natureza.<\/p>\n\n\n\n<p>Convidamos voc\u00ea a explorar nossa linha de produtos e descobrir como eles podem revelar os segredos da beleza de seus cabelos, oferecendo a eles o zelo que merecem. Experimente o poder da natureza em cada gota, e desfrute do luxo de cuidar de si mesmo enquanto cuida do planeta.<\/p>\n\n\n\n<p><strong>Cosm\u00e9ticos inspirados na beleza moderna e sa\u00fade capilar, respeitando o meio ambiente e os animais.<\/strong><\/p>\n\n\n\n<p>\ud83c\udf3f \ud83d\udc3e \ud83c\udf31 \ud83d\udc07 \ud83c\udf0d \ud83c\udf43 \u267b<\/p>\n","protected":false},"excerpt":{"rendered":"<p>Leportini cosm\u00e9ticos: o cuidado que inspira beleza. Na ess\u00eancia de nossa marca, floresce a dedica\u00e7\u00e3o ao cuidado. Nossos produtos s\u00e3o cuidadosamente elaborados a partir de f\u00f3rmulas que priorizam a utiliza\u00e7\u00e3o de ingredientes naturais e sustent\u00e1veis, como \u00f3leos essenciais, extratos de plantas e vitaminas, que n\u00e3o apenas nutrem seus cabelos, mas tamb\u00e9m nutrem nossa preocupa\u00e7\u00e3o com [&hellip;]<\/p>\n","protected":false},"author":1,"featured_media":0,"parent":0,"menu_order":0,"comment_status":"closed","ping_status":"closed","template":"","meta":{"footnotes":""},"class_list":["post-2678","page","type-page","status-publish","hentry"],"_links":{"self":[{"href":"https:\/\/leportini.com.br\/blog\/wp-json\/wp\/v2\/pages\/2678","targetHints":{"allow":["GET"]}}],"collection":[{"href":"https:\/\/leportini.com.br\/blog\/wp-json\/wp\/v2\/pages"}],"about":[{"href":"https:\/\/leportini.com.br\/blog\/wp-json\/wp\/v2\/types\/page"}],"author":[{"embeddable":true,"href":"https:\/\/leportini.com.br\/blog\/wp-json\/wp\/v2\/users\/1"}],"replies":[{"embeddable":true,"href":"https:\/\/leportini.com.br\/blog\/wp-json\/wp\/v2\/comments?post=2678"}],"version-history":[{"count":1,"href":"https:\/\/leportini.com.br\/blog\/wp-json\/wp\/v2\/pages\/2678\/revisions"}],"predecessor-version":[{"id":2679,"href":"https:\/\/leportini.com.br\/blog\/wp-json\/wp\/v2\/pages\/2678\/revisions\/2679"}],"wp:attachment":[{"href":"https:\/\/leportini.com.br\/blog\/wp-json\/wp\/v2\/media?parent=2678"}],"curies":[{"name":"wp","href":"https:\/\/api.w.org\/{rel}","templated":true}]}}